{"id":6,"date":"2017-10-12T14:10:05","date_gmt":"2017-10-12T14:10:05","guid":{"rendered":"http:\/\/codyslr.com\/?page_id=6"},"modified":"2020-06-11T10:31:52","modified_gmt":"2020-06-11T10:31:52","slug":"lat-oss-skota-dina-leveranser","status":"publish","type":"page","link":"https:\/\/codyslr.com\/","title":{"rendered":"L\u00e5t oss sk\u00f6ta dina leveranser"},"content":{"rendered":"<p>Cody SLR logistik \u00e4r ett svenskt \u00e5keri som fokuserar p\u00e5 st\u00f6rre gods. Vi \u00e4r nystartade men har m\u00e5nga \u00e5rs erfarenhet fr\u00e5n branschen. Vi trafikerar norden i huvudsak Sverige och v\u00e5ra f\u00f6rare har minst 10 \u00e5rs erfarenhet eller mer. Har ni fr\u00e5gor kring v\u00e5ra tj\u00e4nster eller priser s\u00e5 tveka inte att kontakta oss p\u00e5 kundservice[at]codyslr.com. Var v\u00e4nliga och skriv s\u00e5 utf\u00f6rligt ni kan f\u00f6r att vi ska kunna offerera er fortast m\u00f6jligast.<\/p>\n<p>Vi \u00e4r noga med att f\u00f6lja <a href=\"https:\/\/www.transportstyrelsen.se\/sv\/vagtrafik\/Yrkestrafik\/Kor--och-vilotider\/\">Transportstyrelsens regelverk<\/a> och best\u00e4mmelser vad g\u00e4ller sund konkurrens, trafiks\u00e4kerhet och s\u00e4kra transporter.<\/p>\n<p><img decoding=\"async\" src=\"https:\/\/www.transportstyrelsen.se\/Static\/images\/TS_Sv_2V_webb_RGB.png\" alt=\"Bildresultat f\u00f6r transportstyrelsen\" \/><\/p>\n<p>&nbsp;<\/p>\n<h2>Vi ger oss in i belysningsmarknaden<\/h2>\n<p>Det finns ganska m\u00e5nga akt\u00f6rer p\u00e5 n\u00e4tet som erbjuder fordonsbelysning till lastbilar och \u00e5kerier. En del butiker har relativ d\u00e5lig koll p\u00e5 vad lastbilschauff\u00f6rer har f\u00f6r krav n\u00e4r det g\u00e4ller belysning och bryr sig mer om kvantitet \u00e4n kvalitet. Vi har d\u00e4rf\u00f6r tagit beslut att ge oss in i belysningsmarknaden och erbjuda ett mindre urval av lampor \u00e4mnade f\u00f6r \u00e5kerier i f\u00f6rsta hand.<\/p>\n<h2>Vi \u00e4r \u00e5terf\u00f6rs\u00e4ljare av fordonsbelysning<\/h2>\n<p>V\u00e5r l\u00e5nga erfarenhet inom branschen g\u00f6r att vi har god f\u00f6rst\u00e5else f\u00f6r vad som \u00e4r viktigt i belysningsv\u00e4g f\u00f6r en lastbilschauff\u00f6r. Vi erbjuder ett noggrant urval av led extraljus lampor fr\u00e5n 25W till 225W med tillh\u00f6rande f\u00e4sten. Handlar du fler lampor s\u00e5 kan vi erbjuda en m\u00e4ngdrabatt som \u00e4r v\u00e4ldigt attraktiv \u00e4ven om ni inte v\u00e4ljer att k\u00f6pa ett av v\u00e5ra \u00e5keritj\u00e4nster.<\/p>\n<h2>Kraftfulla ljusramper fr\u00e5n Ljusgiganten<\/h2>\n<p>Vi kommer ocks\u00e5 att b\u00f6rja s\u00e4lja Rigid\u00a0<a href=\"https:\/\/ljusgiganten.se\/led-ljusramp\">ljusramper<\/a> av h\u00f6g kvalitet. Ljusramperna k\u00f6per vi fr\u00e5n <a href=\"https:\/\/ljusgiganten.se\">Ljusgiganten<\/a> vilket g\u00f6r att vi kan l\u00e4mna en garanti p\u00e5 mellan 2 till 5 \u00e5r. Samtliga ljusramper \u00e4r e-m\u00e4rkta vilket \u00e4r viktigt f\u00f6r er som k\u00f6r utanf\u00f6r Sveriges gr\u00e4nser, framf\u00f6rallt i Norge och Finland. I Sverige spelar e-m\u00e4rkning en mindre betydelsefull roll vilket g\u00f6r att det i princip \u00e4r \u201dfritt fram\u201d att montera hur m\u00e5nga extraljus eller ljusramper som ni \u00f6nskar. Vi kommer \u00e4ven att erbjuda lastbilsbelysning via v\u00e5r distribut\u00f6r <a href=\"https:\/\/svealight.se\">Svealight<\/a>, mer information om detta f\u00f6ljer inom en snar framtid.<\/p>\n","protected":false},"excerpt":{"rendered":"<p>Cody SLR logistik \u00e4r ett svenskt \u00e5keri som fokuserar p\u00e5 st\u00f6rre gods. Vi \u00e4r nystartade men har m\u00e5nga \u00e5rs erfarenhet fr\u00e5n branschen. Vi trafikerar norden i huvudsak Sverige och v\u00e5ra f\u00f6rare har minst 10 \u00e5rs erfarenhet eller mer. Har ni fr\u00e5gor kring v\u00e5ra tj\u00e4nster eller priser s\u00e5 tveka inte att kontakta oss p\u00e5 kundservice[at]codyslr.com. Var [&#8230;]<\/p>\n<p><a class=\"cpro-read-more-link\" href=\"https:\/\/codyslr.com\/\">Read More&#8230;<\/a><\/p>\n","protected":false},"author":1,"featured_media":10,"parent":0,"menu_order":0,"comment_status":"closed","ping_status":"closed","template":"","meta":{"footnotes":""},"class_list":["post-6","page","type-page","status-publish","has-post-thumbnail","hentry"],"_links":{"self":[{"href":"https:\/\/codyslr.com\/index.php?rest_route=\/wp\/v2\/pages\/6","targetHints":{"allow":["GET"]}}],"collection":[{"href":"https:\/\/codyslr.com\/index.php?rest_route=\/wp\/v2\/pages"}],"about":[{"href":"https:\/\/codyslr.com\/index.php?rest_route=\/wp\/v2\/types\/page"}],"author":[{"embeddable":true,"href":"https:\/\/codyslr.com\/index.php?rest_route=\/wp\/v2\/users\/1"}],"replies":[{"embeddable":true,"href":"https:\/\/codyslr.com\/index.php?rest_route=%2Fwp%2Fv2%2Fcomments&post=6"}],"version-history":[{"count":8,"href":"https:\/\/codyslr.com\/index.php?rest_route=\/wp\/v2\/pages\/6\/revisions"}],"predecessor-version":[{"id":22,"href":"https:\/\/codyslr.com\/index.php?rest_route=\/wp\/v2\/pages\/6\/revisions\/22"}],"wp:featuredmedia":[{"embeddable":true,"href":"https:\/\/codyslr.com\/index.php?rest_route=\/wp\/v2\/media\/10"}],"wp:attachment":[{"href":"https:\/\/codyslr.com\/index.php?rest_route=%2Fwp%2Fv2%2Fmedia&parent=6"}],"curies":[{"name":"wp","href":"https:\/\/api.w.org\/{rel}","templated":true}]}}